{"id":1028,"date":"2022-12-08T21:44:50","date_gmt":"2022-12-08T21:44:50","guid":{"rendered":"https:\/\/www.utahspanishdli.org\/5day\/?page_id=1028"},"modified":"2022-12-08T21:51:23","modified_gmt":"2022-12-08T21:51:23","slug":"antologia","status":"publish","type":"page","link":"https:\/\/www.utahspanishdli.org\/5day\/antologia\/","title":{"rendered":"Antolog\u00eda"},"content":{"rendered":"<table style=\"width: 90%\">\n<tbody>\n<tr>\n<td style=\"text-align: center\">\n<h3>Plan de dos d\u00edas<\/h3>\n<p><a href=\"https:\/\/drive.google.com\/file\/d\/1yBWxKb7DwBuoKPCtOJz9PCn2iNPO6RpY\/view\"><img loading=\"lazy\" class=\"alignnone size-medium wp-image-1033\" src=\"https:\/\/www.utahspanishdli.org\/5day\/wp-content\/uploads\/sites\/7\/2022\/12\/Screen-Shot-2022-12-08-at-2.45.34-PM-250x300.png\" alt=\"\" width=\"250\" height=\"300\" srcset=\"https:\/\/www.utahspanishdli.org\/5day\/wp-content\/uploads\/sites\/7\/2022\/12\/Screen-Shot-2022-12-08-at-2.45.34-PM-250x300.png 250w, https:\/\/www.utahspanishdli.org\/5day\/wp-content\/uploads\/sites\/7\/2022\/12\/Screen-Shot-2022-12-08-at-2.45.34-PM.png 727w\" sizes=\"(max-width: 250px) 100vw, 250px\" \/><\/a><\/td>\n<td style=\"padding-left: 40px;text-align: center\">\n<h3>Video<\/h3>\n<p><a href=\"https:\/\/drive.google.com\/file\/d\/1c7BGuMvSFuYhvviIF4VtebbHy4DTAXFi\/view?usp=sharing\"><img loading=\"lazy\" class=\"alignnone wp-image-1030 size-medium\" src=\"https:\/\/www.utahspanishdli.org\/5day\/wp-content\/uploads\/sites\/7\/2022\/12\/Screen-Shot-2022-12-08-at-2.42.51-PM-300x186.png\" alt=\"\" width=\"300\" height=\"186\" srcset=\"https:\/\/www.utahspanishdli.org\/5day\/wp-content\/uploads\/sites\/7\/2022\/12\/Screen-Shot-2022-12-08-at-2.42.51-PM-300x186.png 300w, https:\/\/www.utahspanishdli.org\/5day\/wp-content\/uploads\/sites\/7\/2022\/12\/Screen-Shot-2022-12-08-at-2.42.51-PM-768x476.png 768w, https:\/\/www.utahspanishdli.org\/5day\/wp-content\/uploads\/sites\/7\/2022\/12\/Screen-Shot-2022-12-08-at-2.42.51-PM.png 990w\" sizes=\"(max-width: 300px) 100vw, 300px\" \/><\/a><\/p>\n<p><strong>Luc\u00eda Mart\u00edn &#8211; 2nd Grade&nbsp;<\/strong><br \/>\nHerriman Elementary (Jordan SD)<\/td>\n<\/tr>\n<\/tbody>\n<\/table>\n<p>&nbsp;<\/p>\n","protected":false},"excerpt":{"rendered":"<p>Plan de dos d\u00edas Video Luc\u00eda Mart\u00edn &#8211; 2nd Grade&nbsp; Herriman Elementary (Jordan SD) &nbsp;<\/p>\n","protected":false},"author":5,"featured_media":0,"parent":0,"menu_order":0,"comment_status":"closed","ping_status":"closed","template":"onecolumn-page.php","meta":{"ngg_post_thumbnail":0},"_links":{"self":[{"href":"https:\/\/www.utahspanishdli.org\/5day\/wp-json\/wp\/v2\/pages\/1028"}],"collection":[{"href":"https:\/\/www.utahspanishdli.org\/5day\/wp-json\/wp\/v2\/pages"}],"about":[{"href":"https:\/\/www.utahspanishdli.org\/5day\/wp-json\/wp\/v2\/types\/page"}],"author":[{"embeddable":true,"href":"https:\/\/www.utahspanishdli.org\/5day\/wp-json\/wp\/v2\/users\/5"}],"replies":[{"embeddable":true,"href":"https:\/\/www.utahspanishdli.org\/5day\/wp-json\/wp\/v2\/comments?post=1028"}],"version-history":[{"count":6,"href":"https:\/\/www.utahspanishdli.org\/5day\/wp-json\/wp\/v2\/pages\/1028\/revisions"}],"predecessor-version":[{"id":1034,"href":"https:\/\/www.utahspanishdli.org\/5day\/wp-json\/wp\/v2\/pages\/1028\/revisions\/1034"}],"wp:attachment":[{"href":"https:\/\/www.utahspanishdli.org\/5day\/wp-json\/wp\/v2\/media?parent=1028"}],"curies":[{"name":"wp","href":"https:\/\/api.w.org\/{rel}","templated":true}]}}