{"id":1147,"date":"2023-08-21T21:11:12","date_gmt":"2023-08-21T21:11:12","guid":{"rendered":"https:\/\/www.utahspanishdli.org\/5day\/?page_id=1147"},"modified":"2025-10-09T21:15:10","modified_gmt":"2025-10-09T21:15:10","slug":"dli5-2023","status":"publish","type":"page","link":"https:\/\/www.utahspanishdli.org\/5day\/dli5-2023\/","title":{"rendered":"DLI5 2023"},"content":{"rendered":"<p>&nbsp;<\/p>\n<table style=\"width: 98%\">\n<tbody>\n<tr>\n<td style=\"text-align: center\"><img loading=\"lazy\" class=\"wp-image-1328 alignleft\" src=\"https:\/\/www.utahspanishdli.org\/5day\/wp-content\/uploads\/sites\/7\/2024\/08\/Screenshot-2024-08-16-at-10.22.36\u202fAM.png\" alt=\"\" width=\"223\" height=\"55\" srcset=\"https:\/\/www.utahspanishdli.org\/5day\/wp-content\/uploads\/sites\/7\/2024\/08\/Screenshot-2024-08-16-at-10.22.36\u202fAM.png 644w, https:\/\/www.utahspanishdli.org\/5day\/wp-content\/uploads\/sites\/7\/2024\/08\/Screenshot-2024-08-16-at-10.22.36\u202fAM-300x75.png 300w\" sizes=\"(max-width: 223px) 100vw, 223px\" \/><\/td>\n<td>&nbsp;<\/td>\n<td style=\"text-align: center\"><img loading=\"lazy\" class=\"wp-image-1304 alignnone\" src=\"https:\/\/www.utahspanishdli.org\/5day\/wp-content\/uploads\/sites\/7\/2024\/08\/Screenshot-2024-08-15-at-1.59.24\u202fPM.png\" alt=\"\" width=\"188\" height=\"64\" srcset=\"https:\/\/www.utahspanishdli.org\/5day\/wp-content\/uploads\/sites\/7\/2024\/08\/Screenshot-2024-08-15-at-1.59.24\u202fPM.png 428w, https:\/\/www.utahspanishdli.org\/5day\/wp-content\/uploads\/sites\/7\/2024\/08\/Screenshot-2024-08-15-at-1.59.24\u202fPM-300x102.png 300w\" sizes=\"(max-width: 188px) 100vw, 188px\" \/><\/td>\n<\/tr>\n<\/tbody>\n<\/table>\n<table style=\"width: 99%\">\n<tbody>\n<tr>\n<td>\n<h2 style=\"text-align: center\" align=\"center\"><strong data-wp-editing=\"1\"><a href=\"https:\/\/docs.google.com\/document\/d\/18q_U3cC1LMpTbssiqioV4cJoH8wBW6Ubf6suvEsuQ38\/edit?usp=drive_link\" target=\"_blank\" rel=\"noopener\"><img loading=\"lazy\" class=\"aligncenter wp-image-1082 size-full\" src=\"https:\/\/www.utahspanishdli.org\/5day\/wp-content\/uploads\/sites\/7\/2023\/07\/button_unidad.png\" alt=\"\" width=\"162\" height=\"162\" srcset=\"https:\/\/www.utahspanishdli.org\/5day\/wp-content\/uploads\/sites\/7\/2023\/07\/button_unidad.png 162w, https:\/\/www.utahspanishdli.org\/5day\/wp-content\/uploads\/sites\/7\/2023\/07\/button_unidad-150x150.png 150w\" sizes=\"(max-width: 162px) 100vw, 162px\" \/><\/a><\/strong><a href=\"https:\/\/docs.google.com\/document\/d\/18q_U3cC1LMpTbssiqioV4cJoH8wBW6Ubf6suvEsuQ38\/edit?usp=drive_link\" target=\"_blank\" rel=\"noopener\">Familias y comunidades<\/a><\/h2>\n<h4 style=\"text-align: center\" align=\"center\"><a style=\"color: #000000\" href=\"https:\/\/docs.google.com\/document\/d\/18q_U3cC1LMpTbssiqioV4cJoH8wBW6Ubf6suvEsuQ38\/edit?usp=drive_link\" target=\"_blank\" rel=\"noopener\"><em>Geograf\u00eda humana<\/em><\/a><\/h4>\n<\/td>\n<td><span style=\"color: #000000\"><strong><a style=\"color: #000000\" href=\"https:\/\/docs.google.com\/document\/d\/1RBgBar4MBru3Cf9Fc_HoKM_XIF1hRQoRKcgNcRgTjD4\/edit?usp=drive_link\"><img loading=\"lazy\" class=\"aligncenter wp-image-1083 size-full\" src=\"https:\/\/www.utahspanishdli.org\/5day\/wp-content\/uploads\/sites\/7\/2023\/07\/button_unidad-2.png\" alt=\"\" width=\"162\" height=\"162\" srcset=\"https:\/\/www.utahspanishdli.org\/5day\/wp-content\/uploads\/sites\/7\/2023\/07\/button_unidad-2.png 162w, https:\/\/www.utahspanishdli.org\/5day\/wp-content\/uploads\/sites\/7\/2023\/07\/button_unidad-2-150x150.png 150w\" sizes=\"(max-width: 162px) 100vw, 162px\" \/><\/a><\/strong><\/span><\/p>\n<h2 style=\"text-align: center\"><a href=\"https:\/\/docs.google.com\/document\/d\/1RBgBar4MBru3Cf9Fc_HoKM_XIF1hRQoRKcgNcRgTjD4\/edit?usp=drive_link\">Ciencia y tecnolog\u00eda<\/a><\/h2>\n<h4 style=\"text-align: center\"><em><span style=\"color: #000000\"><a style=\"color: #000000\" href=\"https:\/\/docs.google.com\/document\/d\/1RBgBar4MBru3Cf9Fc_HoKM_XIF1hRQoRKcgNcRgTjD4\/edit?usp=drive_link\">La ciencia y la \u00e9tica<\/a><\/span><\/em><\/h4>\n<\/td>\n<td>\n<h2><span style=\"color: #000000\"><strong><a style=\"color: #000000\" href=\"https:\/\/docs.google.com\/document\/d\/1Xxdz1SrSgrdNrvoxaTHJf1ajrXVsfxoMQdcziIO5r1A\/edit?usp=drive_link\" target=\"_blank\" rel=\"noopener\"><img loading=\"lazy\" class=\"wp-image-1084 size-full aligncenter\" src=\"https:\/\/www.utahspanishdli.org\/5day\/wp-content\/uploads\/sites\/7\/2023\/07\/button_unidad-3.png\" alt=\"\" width=\"162\" height=\"162\" srcset=\"https:\/\/www.utahspanishdli.org\/5day\/wp-content\/uploads\/sites\/7\/2023\/07\/button_unidad-3.png 162w, https:\/\/www.utahspanishdli.org\/5day\/wp-content\/uploads\/sites\/7\/2023\/07\/button_unidad-3-150x150.png 150w\" sizes=\"(max-width: 162px) 100vw, 162px\" \/><\/a><\/strong><\/span><\/h2>\n<h2 style=\"text-align: center\"><a href=\"https:\/\/docs.google.com\/document\/d\/1Xxdz1SrSgrdNrvoxaTHJf1ajrXVsfxoMQdcziIO5r1A\/edit?usp=drive_link\">Belleza y est\u00e9tica<\/a><\/h2>\n<h4 style=\"text-align: center\"><em><span style=\"color: #000000\"><a style=\"color: #000000\" href=\"https:\/\/docs.google.com\/document\/d\/1Xxdz1SrSgrdNrvoxaTHJf1ajrXVsfxoMQdcziIO5r1A\/edit?usp=drive_link\" target=\"_blank\" rel=\"noopener\">Lengua y literatura<\/a><\/span><\/em><\/h4>\n<\/td>\n<\/tr>\n<tr>\n<td><strong><a href=\"https:\/\/docs.google.com\/document\/d\/1i4nzxNblILKueuCrvZhX11GfKD0Uu3wCmRgetyagcso\/edit?usp=drive_link\"><img loading=\"lazy\" class=\"alignnone wp-image-1085 size-full\" src=\"https:\/\/www.utahspanishdli.org\/5day\/wp-content\/uploads\/sites\/7\/2023\/07\/button_unidad-4.png\" alt=\"\" width=\"162\" height=\"162\" srcset=\"https:\/\/www.utahspanishdli.org\/5day\/wp-content\/uploads\/sites\/7\/2023\/07\/button_unidad-4.png 162w, https:\/\/www.utahspanishdli.org\/5day\/wp-content\/uploads\/sites\/7\/2023\/07\/button_unidad-4-150x150.png 150w\" sizes=\"(max-width: 162px) 100vw, 162px\" \/><\/a><br \/>\n<\/strong><\/p>\n<h2><a href=\"https:\/\/docs.google.com\/document\/d\/1i4nzxNblILKueuCrvZhX11GfKD0Uu3wCmRgetyagcso\/edit?usp=drive_link\">La vida contempor\u00e1nea<\/a><\/h2>\n<h4><span style=\"color: #000000\"><a style=\"color: #000000\" href=\"https:\/\/docs.google.com\/document\/d\/1i4nzxNblILKueuCrvZhX11GfKD0Uu3wCmRgetyagcso\/edit?usp=drive_link\"><em>Los viajes y el ocio<\/em><\/a><\/span><\/h4>\n<\/td>\n<td>\n<h2 style=\"text-align: center\" align=\"center\"><span style=\"color: #000000\"><strong><a style=\"color: #000000\" href=\"https:\/\/docs.google.com\/document\/d\/1BB4F4qR0e2Gnrc2m7p2YIMZSNUm9BX3GrQbDqsYtPQc\/edit?usp=drive_link\" target=\"_blank\" rel=\"noopener\"><img loading=\"lazy\" class=\"alignnone wp-image-1086 size-full\" src=\"https:\/\/www.utahspanishdli.org\/5day\/wp-content\/uploads\/sites\/7\/2023\/07\/button_unidad-7.png\" alt=\"\" width=\"162\" height=\"162\" srcset=\"https:\/\/www.utahspanishdli.org\/5day\/wp-content\/uploads\/sites\/7\/2023\/07\/button_unidad-7.png 162w, https:\/\/www.utahspanishdli.org\/5day\/wp-content\/uploads\/sites\/7\/2023\/07\/button_unidad-7-150x150.png 150w\" sizes=\"(max-width: 162px) 100vw, 162px\" \/><\/a><br \/>\n<\/strong><\/span><\/h2>\n<h2 align=\"center\"><a href=\"https:\/\/docs.google.com\/document\/d\/1BB4F4qR0e2Gnrc2m7p2YIMZSNUm9BX3GrQbDqsYtPQc\/edit?usp=drive_link\">Los desaf\u00edos mundiales<\/a><\/h2>\n<h4 style=\"text-align: center\" align=\"center\"><em><span style=\"color: #000000\"><a style=\"color: #000000\" href=\"https:\/\/docs.google.com\/document\/d\/1BB4F4qR0e2Gnrc2m7p2YIMZSNUm9BX3GrQbDqsYtPQc\/edit?usp=drive_link\" target=\"_blank\" rel=\"noopener\">Poblaci\u00f3n y demograf\u00eda<\/a><\/span><\/em><\/h4>\n<\/td>\n<td><span style=\"color: #000000\"><strong><a style=\"color: #000000\" href=\"https:\/\/docs.google.com\/document\/d\/1wL839RFSjA-Fj2MKDoNy1bsyKLVSmGIzkfwpL-zS3AU\/edit?usp=drive_link\" target=\"_blank\" rel=\"noopener\"><img loading=\"lazy\" class=\"wp-image-1087 size-full aligncenter\" src=\"https:\/\/www.utahspanishdli.org\/5day\/wp-content\/uploads\/sites\/7\/2023\/07\/button_unidad-6.png\" alt=\"\" width=\"162\" height=\"162\" srcset=\"https:\/\/www.utahspanishdli.org\/5day\/wp-content\/uploads\/sites\/7\/2023\/07\/button_unidad-6.png 162w, https:\/\/www.utahspanishdli.org\/5day\/wp-content\/uploads\/sites\/7\/2023\/07\/button_unidad-6-150x150.png 150w\" sizes=\"(max-width: 162px) 100vw, 162px\" \/><\/a><\/strong><\/span><\/p>\n<h2 style=\"text-align: center\"><a href=\"https:\/\/docs.google.com\/document\/d\/1wL839RFSjA-Fj2MKDoNy1bsyKLVSmGIzkfwpL-zS3AU\/edit?tab=t.0\">Identidades personales y p\u00fablicas<\/a><\/h2>\n<h4 style=\"text-align: center\"><em><span style=\"color: #000000\"><a style=\"color: #000000\" href=\"https:\/\/docs.google.com\/document\/d\/1wL839RFSjA-Fj2MKDoNy1bsyKLVSmGIzkfwpL-zS3AU\/edit?tab=t.0\">La identidad nacional y la identidad \u00e9tnica<\/a><\/span><\/em><\/h4>\n<p>&nbsp;<\/p>\n<p>&nbsp;<\/p>\n<p>&nbsp;<\/td>\n<\/tr>\n<\/tbody>\n<\/table>\n<h1 style=\"text-align: center\"><strong><img loading=\"lazy\" class=\" wp-image-1309 aligncenter\" src=\"https:\/\/www.utahspanishdli.org\/5day\/wp-content\/uploads\/sites\/7\/2024\/08\/Screenshot-2024-08-16-at-10.17.52\u202fAM.png\" alt=\"\" width=\"389\" height=\"56\" srcset=\"https:\/\/www.utahspanishdli.org\/5day\/wp-content\/uploads\/sites\/7\/2024\/08\/Screenshot-2024-08-16-at-10.17.52\u202fAM.png 822w, https:\/\/www.utahspanishdli.org\/5day\/wp-content\/uploads\/sites\/7\/2024\/08\/Screenshot-2024-08-16-at-10.17.52\u202fAM-300x43.png 300w, https:\/\/www.utahspanishdli.org\/5day\/wp-content\/uploads\/sites\/7\/2024\/08\/Screenshot-2024-08-16-at-10.17.52\u202fAM-768x110.png 768w\" sizes=\"(max-width: 389px) 100vw, 389px\" \/><br \/>\n<\/strong><\/h1>\n<table style=\"width: 1060px;height: 282px\" border=\"1\">\n<tbody>\n<tr>\n<td>\n<h3 style=\"text-align: center\"><span style=\"color: #000000\"><strong>Weeks 1-3<\/strong><\/span><\/h3>\n<p style=\"text-align: center\"><span style=\"color: #000000\"><a style=\"color: #000000\" href=\"https:\/\/drive.google.com\/file\/d\/1YV4nMKcwl6FXP2RjZ-EKzA620otHCtkh\/view\">5-Part Plan<\/a><\/span><\/p>\n<p><a href=\"https:\/\/drive.google.com\/file\/d\/1YV4nMKcwl6FXP2RjZ-EKzA620otHCtkh\/view?usp=drive_link\" target=\"_blank\" rel=\"noopener\"><img loading=\"lazy\" class=\"alignnone wp-image-1101 aligncenter\" src=\"https:\/\/www.utahspanishdli.org\/5day\/wp-content\/uploads\/sites\/7\/2023\/08\/Screen-Shot-2023-08-03-at-4.59.24-PM-300x228.png\" alt=\"\" width=\"137\" height=\"104\" srcset=\"https:\/\/www.utahspanishdli.org\/5day\/wp-content\/uploads\/sites\/7\/2023\/08\/Screen-Shot-2023-08-03-at-4.59.24-PM-300x228.png 300w, https:\/\/www.utahspanishdli.org\/5day\/wp-content\/uploads\/sites\/7\/2023\/08\/Screen-Shot-2023-08-03-at-4.59.24-PM.png 342w\" sizes=\"(max-width: 137px) 100vw, 137px\" \/><\/a><\/td>\n<td>\n<h3 style=\"text-align: center\"><span style=\"color: #000000\"><strong>Week 4 (Culture)<\/strong><\/span><\/h3>\n<p style=\"text-align: center\"><span style=\"color: #000000\"><a style=\"color: #000000\" href=\"https:\/\/docs.google.com\/document\/d\/1xsqYMuCWZew2MaGh-zRfvAUQlkJXCShB\/edit?usp=sharing&amp;ouid=117988883308353894578&amp;rtpof=true&amp;sd=true\">Culture Plan<\/a><\/span><\/p>\n<h3><a href=\"https:\/\/docs.google.com\/document\/d\/1xsqYMuCWZew2MaGh-zRfvAUQlkJXCShB\/edit?usp=sharing&amp;ouid=117988883308353894578&amp;rtpof=true&amp;sd=true\"><img loading=\"lazy\" class=\"alignnone wp-image-1283 aligncenter\" style=\"font-family: inherit;font-size: 16px\" src=\"https:\/\/www.utahspanishdli.org\/5day\/wp-content\/uploads\/sites\/7\/2024\/08\/Screenshot-2024-08-13-at-3.21.51\u202fPM-150x150.png\" alt=\"\" width=\"106\" height=\"106\"><\/a><\/h3>\n<\/td>\n<td>\n<h3 style=\"text-align: center\"><span style=\"color: #000000\"><strong>Week 5 (Evaluation)<\/strong><\/span><\/h3>\n<p>&nbsp;<\/p>\n<h5 style=\"text-align: center\"><a href=\"https:\/\/docs.google.com\/document\/d\/1nbVyaOJYwkvhodLXbMc41GrAaNe1Dcxa\/edit?usp=sharing&amp;ouid=117988883308353894578&amp;rtpof=true&amp;sd=true\"><img loading=\"lazy\" class=\"alignnone wp-image-1273\" style=\"font-family: inherit\" src=\"https:\/\/www.utahspanishdli.org\/5day\/wp-content\/uploads\/sites\/7\/2024\/08\/grades78box.jpeg\" alt=\"\" width=\"85\" height=\"85\"><\/a><img loading=\"lazy\" class=\"alignnone wp-image-1272\" src=\"https:\/\/www.utahspanishdli.org\/5day\/wp-content\/uploads\/sites\/7\/2024\/08\/grade9box.jpeg\" alt=\"\" width=\"85\" height=\"85\"><br \/>\n&nbsp; &nbsp; &nbsp; &nbsp; &nbsp; &nbsp; &nbsp; &nbsp; &nbsp; &nbsp; &nbsp; &nbsp;<em> &nbsp; &nbsp;Coming Soon<\/em><\/h5>\n<\/td>\n<\/tr>\n<\/tbody>\n<\/table>\n<h1 style=\"text-align: center\">Supporting graphic organizers<\/h1>\n<table style=\"width: 959px;height: 189px\">\n<tbody>\n<tr>\n<td><a href=\"https:\/\/docs.google.com\/document\/d\/1HPD2KhMuF4-Z_kgAUNsxHgff6p5mPEk6\/edit?usp=drive_link&amp;ouid=117988883308353894578&amp;rtpof=true&amp;sd=true\">-Hoja de exploraci\u00f3n del tema<\/a><br \/>\n<a href=\"https:\/\/docs.google.com\/document\/d\/11VHLOIqAWlhIClmXEhE7ftu_ethE2zZVo-HxANtqnGo\/edit?usp=drive_link\">-Hoja de vocabulario<\/a><br \/>\n<a href=\"https:\/\/docs.google.com\/document\/d\/1cYBIiXN2kfcw0Xv6gkOBimyI-TAg-9Tx\/edit?usp=drive_link&amp;ouid=117988883308353894578&amp;rtpof=true&amp;sd=true\">-Hoja de hacer preguntas<\/a><br \/>\n<a href=\"https:\/\/docs.google.com\/document\/d\/1a1Qfy1WYJlrYJRmKz6J2NNSrG8kE8R_7\/edit?usp=drive_link&amp;ouid=117988883308353894578&amp;rtpof=true&amp;sd=true\">-Hoja del recurso principal<\/a><\/td>\n<td><span style=\"font-weight: 400\"><a href=\"https:\/\/drive.google.com\/file\/d\/1fm5eJ4u0YQE6_Q14vDaD89PS-wssCEOR\/view?usp=drive_link\">&#8211; Organizador gr\u00e1fico de g\u00e9nero narrativo.<\/a><br \/>\n<\/span><span style=\"font-weight: 400\"><a href=\"https:\/\/drive.google.com\/file\/d\/1rACTfrploeFM2ZJsW8TK8h9HDcyHqA2G\/view?usp=drive_link\">-Organizador gr\u00e1fico de g\u00e9nero argumentativo.<\/a><br \/>\n<\/span><a href=\"https:\/\/drive.google.com\/file\/d\/1qNuA82Pgcegu8G9MqYU-I2aKw5xrRG8c\/view?usp=drive_link\"><span style=\"font-weight: 400\">&#8211; Organizador gr\u00e1fico de g\u00e9nero informativo.<\/span><\/a><br \/>\n<a href=\"https:\/\/www.utahspanishdli.org\/5day\/wp-content\/uploads\/sites\/7\/2025\/10\/DLI3-U1-S1-Ru\u0301brica-para-la-actividad-de-Can-do.docx.pdf\">&#8211; R\u00fabrica para la actividad de can-do<\/a><\/td>\n<td><a href=\"https:\/\/docs.google.com\/document\/d\/10r2ojSo_uWBdEVr9oHoEyfhh1n1zQYpXXFxdSAOVIqA\/edit?usp=drive_link\">-Conversaciones acad\u00e9micas<\/a><br \/>\n<a href=\"https:\/\/docs.google.com\/document\/d\/1Hi384-KHn2Cx8y_odrRlOkEo3vEAhIFx\/edit?usp=sharing&amp;ouid=117988883308353894578&amp;rtpof=true&amp;sd=true\">-Hoja de repaso de la semana<\/a><br \/>\n<a href=\"https:\/\/www.utahspanishdli.org\/5day\/wp-content\/uploads\/sites\/7\/2025\/10\/Hoja-para-la-revisio\u0301n-de-la-unidad-2-1.pdf\">&#8211; Hoja para la revisi\u00f3n de la unidad<\/a><\/td>\n<\/tr>\n<\/tbody>\n<\/table>\n<p>&nbsp;<\/p>\n<p><img loading=\"lazy\" class=\" wp-image-1310 aligncenter\" src=\"https:\/\/www.utahspanishdli.org\/5day\/wp-content\/uploads\/sites\/7\/2024\/08\/Screenshot-2024-08-16-at-10.18.00\u202fAM.png\" alt=\"\" width=\"517\" height=\"38\" srcset=\"https:\/\/www.utahspanishdli.org\/5day\/wp-content\/uploads\/sites\/7\/2024\/08\/Screenshot-2024-08-16-at-10.18.00\u202fAM.png 1372w, https:\/\/www.utahspanishdli.org\/5day\/wp-content\/uploads\/sites\/7\/2024\/08\/Screenshot-2024-08-16-at-10.18.00\u202fAM-300x22.png 300w, https:\/\/www.utahspanishdli.org\/5day\/wp-content\/uploads\/sites\/7\/2024\/08\/Screenshot-2024-08-16-at-10.18.00\u202fAM-1024x75.png 1024w, https:\/\/www.utahspanishdli.org\/5day\/wp-content\/uploads\/sites\/7\/2024\/08\/Screenshot-2024-08-16-at-10.18.00\u202fAM-768x56.png 768w\" sizes=\"(max-width: 517px) 100vw, 517px\" \/><\/p>\n<p>&nbsp;<\/p>\n<table style=\"width: 1010px;height: 224px\" border=\"1\">\n<tbody>\n<tr>\n<td style=\"text-align: center\"><span style=\"color: #000000\"><a style=\"color: #000000\" href=\"https:\/\/drive.google.com\/open?id=1JDPkrAIgXdfoS3Z36jqxgQiYm5A_fiX7\">Structure of the DLI Course<\/a><\/span><br \/>\n<a href=\"https:\/\/drive.google.com\/open?id=1JDPkrAIgXdfoS3Z36jqxgQiYm5A_fiX7\"><img loading=\"lazy\" class=\"wp-image-1250 size-thumbnail aligncenter\" src=\"https:\/\/www.utahspanishdli.org\/secondaryteachers\/wp-content\/uploads\/sites\/4\/2018\/08\/estructura-150x150.jpg\" alt=\"\" width=\"150\" height=\"150\"><\/a><\/td>\n<td style=\"text-align: center\"><span style=\"color: #000000\"><a style=\"color: #000000\" href=\"https:\/\/drive.google.com\/open?id=17GRvr9z0AkfgzC2nCe3ZjZwsUV6TNqUd\">AP Themes and Contexts<\/a><\/span><br \/>\n<a href=\"https:\/\/drive.google.com\/open?id=17GRvr9z0AkfgzC2nCe3ZjZwsUV6TNqUd\"><img loading=\"lazy\" class=\"aligncenter wp-image-1257 size-thumbnail\" src=\"https:\/\/www.utahspanishdli.org\/secondaryteachers\/wp-content\/uploads\/sites\/4\/2018\/08\/Contextos-150x150.jpg\" alt=\"\" width=\"150\" height=\"150\"><\/a><\/td>\n<td style=\"text-align: center\">Proficiency Report<br \/>\n<img loading=\"lazy\" class=\"aligncenter wp-image-144\" src=\"https:\/\/www.utahspanishdli.org\/5day\/wp-content\/uploads\/sites\/7\/2019\/02\/Screenshot-2019-02-19-14.15.57-150x150.png\" alt=\"\" width=\"152\" height=\"152\"><span style=\"color: #000000\">Grade<a style=\"color: #000000\" href=\"https:\/\/drive.google.com\/file\/d\/1SIrWc2TysDV44tw96ZGtK_uAgXPA4l1R\/view?usp=sharing\"> 6<\/a> &#8211; <a style=\"color: #000000\" href=\"https:\/\/docs.google.com\/document\/d\/15YxQnyBK1qTSZZdKTn0TrDrxtaVL2Yd-\/edit?usp=sharing&amp;ouid=117988883308353894578&amp;rtpof=true&amp;sd=true\">7<\/a> &#8211; <a style=\"color: #000000\" href=\"https:\/\/drive.google.com\/file\/d\/1u3oPS8G4-XdvKXUB_MOjTciEQ2JsuDPh\/view?usp=sharing\">8<\/a> &#8211; <a href=\"https:\/\/www.utahspanishdli.org\/5day\/wp-content\/uploads\/sites\/7\/2025\/01\/SPR-8th-Grade-1.docx\" target=\"_blank\" rel=\"noopener\">9<\/a><\/span><\/td>\n<td style=\"text-align: center\"><span style=\"color: #000000\">&nbsp;<a style=\"color: #000000\" href=\"https:\/\/drive.google.com\/drive\/folders\/1b1kVkQ8vc43l1kfVKWirRrRRap4ria0o?usp=sharing\" target=\"_blank\" rel=\"noopener\">Classroom Posters<\/a><\/span><br \/>\n<a href=\"https:\/\/drive.google.com\/drive\/folders\/1b1kVkQ8vc43l1kfVKWirRrRRap4ria0o?usp=share_link\" target=\"_blank\" rel=\"https:\/\/drive.google.com\/drive\/folders\/1b1kVkQ8vc43l1kfVKWirRrRRap4ria0o?usp=share_link noopener\"><img loading=\"lazy\" class=\"alignnone wp-image-1230 \" src=\"https:\/\/www.utahspanishdli.org\/5day\/wp-content\/uploads\/sites\/7\/2023\/10\/Screenshot-2023-10-23-at-2.35.01-PM-150x150.png\" alt=\"\" width=\"151\" height=\"151\"><\/a><\/td>\n<\/tr>\n<\/tbody>\n<\/table>\n<p>&nbsp;<\/p>\n<p><a href=\"https:\/\/www.utahspanishdli.org\/secondaryteachers\/\">&lt;Back to main page<\/a><\/p>\n<table style=\"height: 1164px\" border=\"0\" width=\"652\" cellspacing=\"2\" cellpadding=\"10px\">\n<tbody>\n<tr>\n<td width=\"277\">&nbsp;<\/td>\n<td style=\"text-align: center\" width=\"277\">&nbsp;<\/td>\n<td width=\"277\">&nbsp;<\/td>\n<\/tr>\n<tr>\n<td width=\"277\">&nbsp;<\/td>\n<td style=\"text-align: center\" width=\"277\">&nbsp;<\/td>\n<td width=\"277\">&nbsp;<\/td>\n<\/tr>\n<tr>\n<td style=\"text-align: center\" width=\"277\">&nbsp;<\/td>\n<td style=\"text-align: left\" width=\"277\">&nbsp;<\/td>\n<td style=\"text-align: center\" width=\"277\">&nbsp;<\/td>\n<\/tr>\n<\/tbody>\n<\/table>\n<p>&nbsp;<\/p>\n","protected":false},"excerpt":{"rendered":"<p>&nbsp; &nbsp; Familias y comunidades Geograf\u00eda humana Ciencia y tecnolog\u00eda La ciencia y la \u00e9tica Belleza y est\u00e9tica Lengua y literatura La vida contempor\u00e1nea Los viajes y el ocio Los desaf\u00edos mundiales Poblaci\u00f3n y demograf\u00eda Identidades personales y p\u00fablicas La &hellip; <a href=\"https:\/\/www.utahspanishdli.org\/5day\/dli5-2023\/\">Continue reading <span class=\"meta-nav\">&rarr;<\/span><\/a><\/p>\n","protected":false},"author":5,"featured_media":0,"parent":0,"menu_order":0,"comment_status":"closed","ping_status":"closed","template":"onecolumn-page.php","meta":{"ngg_post_thumbnail":0},"_links":{"self":[{"href":"https:\/\/www.utahspanishdli.org\/5day\/wp-json\/wp\/v2\/pages\/1147"}],"collection":[{"href":"https:\/\/www.utahspanishdli.org\/5day\/wp-json\/wp\/v2\/pages"}],"about":[{"href":"https:\/\/www.utahspanishdli.org\/5day\/wp-json\/wp\/v2\/types\/page"}],"author":[{"embeddable":true,"href":"https:\/\/www.utahspanishdli.org\/5day\/wp-json\/wp\/v2\/users\/5"}],"replies":[{"embeddable":true,"href":"https:\/\/www.utahspanishdli.org\/5day\/wp-json\/wp\/v2\/comments?post=1147"}],"version-history":[{"count":51,"href":"https:\/\/www.utahspanishdli.org\/5day\/wp-json\/wp\/v2\/pages\/1147\/revisions"}],"predecessor-version":[{"id":1444,"href":"https:\/\/www.utahspanishdli.org\/5day\/wp-json\/wp\/v2\/pages\/1147\/revisions\/1444"}],"wp:attachment":[{"href":"https:\/\/www.utahspanishdli.org\/5day\/wp-json\/wp\/v2\/media?parent=1147"}],"curies":[{"name":"wp","href":"https:\/\/api.w.org\/{rel}","templated":true}]}}