{"id":138,"date":"2019-02-19T21:15:57","date_gmt":"2019-02-19T21:15:57","guid":{"rendered":"https:\/\/www.utahspanishdli.org\/5day\/?page_id=138"},"modified":"2026-04-06T19:43:16","modified_gmt":"2026-04-06T19:43:16","slug":"3dli","status":"publish","type":"page","link":"https:\/\/www.utahspanishdli.org\/5day\/3dli\/","title":{"rendered":""},"content":{"rendered":"<p>&nbsp;&nbsp;<\/p>\n<table style=\"width: 98%\">\n<tbody>\n<tr>\n<td style=\"text-align: center\"><img loading=\"lazy\" class=\"wp-image-1303 alignleft\" src=\"https:\/\/www.utahspanishdli.org\/5day\/wp-content\/uploads\/sites\/7\/2024\/08\/Screenshot-2024-08-15-at-1.59.20\u202fPM.png\" alt=\"\" width=\"249\" height=\"75\" srcset=\"https:\/\/www.utahspanishdli.org\/5day\/wp-content\/uploads\/sites\/7\/2024\/08\/Screenshot-2024-08-15-at-1.59.20\u202fPM.png 498w, https:\/\/www.utahspanishdli.org\/5day\/wp-content\/uploads\/sites\/7\/2024\/08\/Screenshot-2024-08-15-at-1.59.20\u202fPM-300x90.png 300w\" sizes=\"(max-width: 249px) 100vw, 249px\" \/><\/td>\n<td>&nbsp;<\/td>\n<td style=\"text-align: center\"><img loading=\"lazy\" class=\"wp-image-1304 alignright\" src=\"https:\/\/www.utahspanishdli.org\/5day\/wp-content\/uploads\/sites\/7\/2024\/08\/Screenshot-2024-08-15-at-1.59.24\u202fPM.png\" alt=\"\" width=\"200\" height=\"68\" srcset=\"https:\/\/www.utahspanishdli.org\/5day\/wp-content\/uploads\/sites\/7\/2024\/08\/Screenshot-2024-08-15-at-1.59.24\u202fPM.png 428w, https:\/\/www.utahspanishdli.org\/5day\/wp-content\/uploads\/sites\/7\/2024\/08\/Screenshot-2024-08-15-at-1.59.24\u202fPM-300x102.png 300w\" sizes=\"(max-width: 200px) 100vw, 200px\" \/><\/td>\n<\/tr>\n<\/tbody>\n<\/table>\n<h1>&nbsp;<\/h1>\n<h1 style=\"text-align: center\"><img loading=\"lazy\" class=\"alignnone wp-image-1308\" src=\"https:\/\/www.utahspanishdli.org\/5day\/wp-content\/uploads\/sites\/7\/2024\/08\/Screenshot-2024-08-16-at-10.17.48\u202fAM.png\" alt=\"\" width=\"413\" height=\"51\" srcset=\"https:\/\/www.utahspanishdli.org\/5day\/wp-content\/uploads\/sites\/7\/2024\/08\/Screenshot-2024-08-16-at-10.17.48\u202fAM.png 890w, https:\/\/www.utahspanishdli.org\/5day\/wp-content\/uploads\/sites\/7\/2024\/08\/Screenshot-2024-08-16-at-10.17.48\u202fAM-300x37.png 300w, https:\/\/www.utahspanishdli.org\/5day\/wp-content\/uploads\/sites\/7\/2024\/08\/Screenshot-2024-08-16-at-10.17.48\u202fAM-768x95.png 768w\" sizes=\"(max-width: 413px) 100vw, 413px\" \/><\/h1>\n<table border=\"0\" width=\"1200\" cellspacing=\"2\" cellpadding=\"10px\">\n<tbody>\n<tr>\n<td width=\"277\">\n<div align=\"center\">&nbsp;<\/div>\n<\/td>\n<td width=\"277\">\n<div align=\"center\">&nbsp;<\/div>\n<\/td>\n<td width=\"277\">\n<div align=\"center\">&nbsp;<\/div>\n<\/td>\n<\/tr>\n<tr>\n<td width=\"277\">\n<div align=\"center\"><strong data-wp-editing=\"1\"><a href=\"https:\/\/docs.google.com\/document\/d\/1r7q5xV1oV78j5qhs6wC7O3VWsHllfu6Aas0w27zXL2g\/edit?usp=sharing\" target=\"_blank\" rel=\"noopener\"><img loading=\"lazy\" class=\"alignnone wp-image-1082 size-full\" src=\"https:\/\/www.utahspanishdli.org\/5day\/wp-content\/uploads\/sites\/7\/2023\/07\/button_unidad.png\" alt=\"\" width=\"162\" height=\"162\" srcset=\"https:\/\/www.utahspanishdli.org\/5day\/wp-content\/uploads\/sites\/7\/2023\/07\/button_unidad.png 162w, https:\/\/www.utahspanishdli.org\/5day\/wp-content\/uploads\/sites\/7\/2023\/07\/button_unidad-150x150.png 150w\" sizes=\"(max-width: 162px) 100vw, 162px\" \/><\/a><br \/>\n<\/strong><\/div>\n<div align=\"center\">&nbsp;<\/div>\n<\/td>\n<td width=\"277\">\n<div align=\"center\"><strong><a href=\"https:\/\/docs.google.com\/document\/d\/1ffOvdiYwBjsWgSFc-J7_MxLy25zSaIKsGNhqdnd-Jt4\/edit?usp=drive_link\" target=\"_blank\" rel=\"noopener\"><img loading=\"lazy\" class=\"alignnone wp-image-1083 size-full\" src=\"https:\/\/www.utahspanishdli.org\/5day\/wp-content\/uploads\/sites\/7\/2023\/07\/button_unidad-2.png\" alt=\"\" width=\"162\" height=\"162\" srcset=\"https:\/\/www.utahspanishdli.org\/5day\/wp-content\/uploads\/sites\/7\/2023\/07\/button_unidad-2.png 162w, https:\/\/www.utahspanishdli.org\/5day\/wp-content\/uploads\/sites\/7\/2023\/07\/button_unidad-2-150x150.png 150w\" sizes=\"(max-width: 162px) 100vw, 162px\" \/><\/a><br \/>\n<\/strong><\/div>\n<div align=\"center\">&nbsp;<\/div>\n<\/td>\n<td width=\"277\">\n<div align=\"center\"><strong><a href=\"https:\/\/docs.google.com\/document\/d\/1PcOTFNR2-dywCXmjSdde8-7AdGgc-UQn-0tSp1SFcbk\/edit?usp=drive_link\" target=\"_blank\" rel=\"noopener\"><img loading=\"lazy\" class=\"alignnone wp-image-1084 size-full\" src=\"https:\/\/www.utahspanishdli.org\/5day\/wp-content\/uploads\/sites\/7\/2023\/07\/button_unidad-3.png\" alt=\"\" width=\"162\" height=\"162\" srcset=\"https:\/\/www.utahspanishdli.org\/5day\/wp-content\/uploads\/sites\/7\/2023\/07\/button_unidad-3.png 162w, https:\/\/www.utahspanishdli.org\/5day\/wp-content\/uploads\/sites\/7\/2023\/07\/button_unidad-3-150x150.png 150w\" sizes=\"(max-width: 162px) 100vw, 162px\" \/><\/a><br \/>\n<\/strong><\/div>\n<div align=\"center\">&nbsp;<\/div>\n<\/td>\n<\/tr>\n<tr>\n<td style=\"text-align: center\" width=\"277\">\n<h2><a href=\"https:\/\/docs.google.com\/document\/d\/1r7q5xV1oV78j5qhs6wC7O3VWsHllfu6Aas0w27zXL2g\/edit?tab=t.0\">Familias y comunidades<\/a><\/h2>\n<h4><em><span style=\"color: #000000\"><a style=\"color: #000000\" href=\"https:\/\/docs.google.com\/document\/d\/1r7q5xV1oV78j5qhs6wC7O3VWsHllfu6Aas0w27zXL2g\/edit?usp=sharing\" target=\"_blank\" rel=\"noopener\">Las comunidades educativas<\/a><\/span><\/em><\/h4>\n<\/td>\n<td width=\"277\">\n<h2 style=\"text-align: center\"><a href=\"https:\/\/docs.google.com\/document\/d\/1ffOvdiYwBjsWgSFc-J7_MxLy25zSaIKsGNhqdnd-Jt4\/edit?usp=drive_link\">Ciencia y tecnolog\u00eda<\/a><\/h2>\n<h4 style=\"text-align: center\"><em><span style=\"color: #000000\"><a style=\"color: #000000\" href=\"https:\/\/docs.google.com\/document\/d\/1ffOvdiYwBjsWgSFc-J7_MxLy25zSaIKsGNhqdnd-Jt4\/edit?usp=drive_link\" target=\"_blank\" rel=\"noopener\">La tecnolog\u00eda, el individuo y la sociedad<\/a><\/span><\/em><\/h4>\n<\/td>\n<td style=\"text-align: left\" width=\"277\">\n<h2 style=\"text-align: center\"><a href=\"https:\/\/docs.google.com\/document\/d\/1PcOTFNR2-dywCXmjSdde8-7AdGgc-UQn-0tSp1SFcbk\/edit?usp=drive_link\">Belleza y est\u00e9tica<\/a><\/h2>\n<h4 style=\"text-align: center\"><em><span style=\"color: #000000\"><a style=\"color: #000000\" href=\"https:\/\/docs.google.com\/document\/d\/1PcOTFNR2-dywCXmjSdde8-7AdGgc-UQn-0tSp1SFcbk\/edit?usp=drive_link\" target=\"_blank\" rel=\"noopener\">La definici\u00f3n de la belleza<\/a><\/span><\/em><\/h4>\n<\/td>\n<\/tr>\n<tr>\n<td width=\"277\">\n<div align=\"center\">&nbsp;<\/div>\n<\/td>\n<td style=\"text-align: center\" width=\"277\">\n<div align=\"center\">&nbsp;<\/div>\n<\/td>\n<td width=\"277\">\n<div style=\"text-align: center\" align=\"center\">&nbsp;<\/div>\n<\/td>\n<\/tr>\n<tr>\n<td width=\"277\">\n<div style=\"text-align: center\" align=\"center\"><strong><a href=\"https:\/\/docs.google.com\/document\/d\/16Jushjqw1kRNORBaf3FCBTmTpqrvqSUVvvGc1NtxP5Q\/edit?usp=drive_link\" target=\"_blank\" rel=\"noopener\"><img loading=\"lazy\" class=\"alignnone wp-image-1085 size-full\" src=\"https:\/\/www.utahspanishdli.org\/5day\/wp-content\/uploads\/sites\/7\/2023\/07\/button_unidad-4.png\" alt=\"\" width=\"162\" height=\"162\" srcset=\"https:\/\/www.utahspanishdli.org\/5day\/wp-content\/uploads\/sites\/7\/2023\/07\/button_unidad-4.png 162w, https:\/\/www.utahspanishdli.org\/5day\/wp-content\/uploads\/sites\/7\/2023\/07\/button_unidad-4-150x150.png 150w\" sizes=\"(max-width: 162px) 100vw, 162px\" \/><\/a><br \/>\n<\/strong><\/div>\n<div align=\"center\">&nbsp;<\/div>\n<\/td>\n<td width=\"277\">\n<div style=\"text-align: center\" align=\"center\"><strong><a href=\"https:\/\/docs.google.com\/document\/d\/1jGCeoplWjV3234sAxTbywrBtTVIrOiW3-r8u1BivzXU\/edit?usp=drive_link\" target=\"_blank\" rel=\"noopener\"><img loading=\"lazy\" class=\"alignnone wp-image-1086 size-full\" src=\"https:\/\/www.utahspanishdli.org\/5day\/wp-content\/uploads\/sites\/7\/2023\/07\/button_unidad-7.png\" alt=\"\" width=\"162\" height=\"162\" srcset=\"https:\/\/www.utahspanishdli.org\/5day\/wp-content\/uploads\/sites\/7\/2023\/07\/button_unidad-7.png 162w, https:\/\/www.utahspanishdli.org\/5day\/wp-content\/uploads\/sites\/7\/2023\/07\/button_unidad-7-150x150.png 150w\" sizes=\"(max-width: 162px) 100vw, 162px\" \/><\/a><br \/>\n<\/strong><\/div>\n<div align=\"center\">&nbsp;<\/div>\n<\/td>\n<td width=\"277\">\n<div style=\"text-align: center\" align=\"center\"><strong><a href=\"https:\/\/docs.google.com\/document\/d\/1s9tqhHs0lgmoQZW6OY2aN5291qieVlZq-XB2rlCo1dc\/edit?usp=drive_link\" target=\"_blank\" rel=\"noopener\"><img loading=\"lazy\" class=\"alignnone wp-image-1087 size-full\" src=\"https:\/\/www.utahspanishdli.org\/5day\/wp-content\/uploads\/sites\/7\/2023\/07\/button_unidad-6.png\" alt=\"\" width=\"162\" height=\"162\" srcset=\"https:\/\/www.utahspanishdli.org\/5day\/wp-content\/uploads\/sites\/7\/2023\/07\/button_unidad-6.png 162w, https:\/\/www.utahspanishdli.org\/5day\/wp-content\/uploads\/sites\/7\/2023\/07\/button_unidad-6-150x150.png 150w\" sizes=\"(max-width: 162px) 100vw, 162px\" \/><\/a><br \/>\n<\/strong><\/div>\n<div align=\"center\">&nbsp;<\/div>\n<\/td>\n<\/tr>\n<tr>\n<td style=\"text-align: center\" width=\"277\">\n<h2><a href=\"https:\/\/docs.google.com\/document\/d\/16Jushjqw1kRNORBaf3FCBTmTpqrvqSUVvvGc1NtxP5Q\/edit?usp=drive_link\">La vida contempor\u00e1nea<\/a><\/h2>\n<h4><em><span style=\"color: #000000\"><a style=\"color: #000000\" href=\"https:\/\/docs.google.com\/document\/d\/16Jushjqw1kRNORBaf3FCBTmTpqrvqSUVvvGc1NtxP5Q\/edit?usp=drive_link\" target=\"_blank\" rel=\"noopener\">La educaci\u00f3n y las carreras profesionales<\/a><\/span><\/em><\/h4>\n<\/td>\n<td style=\"text-align: left\" width=\"277\">\n<h2 style=\"text-align: center\"><a href=\"https:\/\/docs.google.com\/document\/d\/1jGCeoplWjV3234sAxTbywrBtTVIrOiW3-r8u1BivzXU\/edit?usp=drive_link\">Los desaf\u00edos mundiales<\/a><\/h2>\n<h4 style=\"text-align: center\"><em><span style=\"color: #000000\"><a style=\"color: #000000\" href=\"https:\/\/docs.google.com\/document\/d\/1jGCeoplWjV3234sAxTbywrBtTVIrOiW3-r8u1BivzXU\/edit?usp=drive_link\" target=\"_blank\" rel=\"noopener\">Los temas econ\u00f3micos<\/a><\/span><\/em><\/h4>\n<\/td>\n<td style=\"text-align: center\" width=\"277\">\n<h2><a href=\"https:\/\/docs.google.com\/document\/d\/1s9tqhHs0lgmoQZW6OY2aN5291qieVlZq-XB2rlCo1dc\/edit?usp=drive_link\">Identidades personales y p\u00fablicas<\/a><\/h2>\n<h4><em><span style=\"color: #000000\"><a style=\"color: #000000\" href=\"https:\/\/docs.google.com\/document\/d\/1s9tqhHs0lgmoQZW6OY2aN5291qieVlZq-XB2rlCo1dc\/edit?usp=drive_link\" target=\"_blank\" rel=\"noopener\">La enajenaci\u00f3n y la asimilaci\u00f3n<\/a><\/span><\/em><\/h4>\n<\/td>\n<\/tr>\n<\/tbody>\n<\/table>\n<h1>&nbsp;<\/h1>\n<h1 style=\"text-align: center\"><strong><img loading=\"lazy\" class=\" wp-image-1309 aligncenter\" src=\"https:\/\/www.utahspanishdli.org\/5day\/wp-content\/uploads\/sites\/7\/2024\/08\/Screenshot-2024-08-16-at-10.17.52\u202fAM.png\" alt=\"\" width=\"389\" height=\"56\" srcset=\"https:\/\/www.utahspanishdli.org\/5day\/wp-content\/uploads\/sites\/7\/2024\/08\/Screenshot-2024-08-16-at-10.17.52\u202fAM.png 822w, https:\/\/www.utahspanishdli.org\/5day\/wp-content\/uploads\/sites\/7\/2024\/08\/Screenshot-2024-08-16-at-10.17.52\u202fAM-300x43.png 300w, https:\/\/www.utahspanishdli.org\/5day\/wp-content\/uploads\/sites\/7\/2024\/08\/Screenshot-2024-08-16-at-10.17.52\u202fAM-768x110.png 768w\" sizes=\"(max-width: 389px) 100vw, 389px\" \/><br \/>\n<\/strong><\/h1>\n<table style=\"width: 1060px;height: 282px\" border=\"1\">\n<tbody>\n<tr>\n<td>\n<h3 style=\"text-align: center\"><span style=\"color: #000000\"><strong>Weeks 1-3<\/strong><\/span><\/h3>\n<p style=\"text-align: center\"><span style=\"color: #000000\"><a style=\"color: #000000\" href=\"https:\/\/drive.google.com\/file\/d\/1YV4nMKcwl6FXP2RjZ-EKzA620otHCtkh\/view\">5-Part Plan<\/a><\/span><\/p>\n<p><a href=\"https:\/\/drive.google.com\/file\/d\/1YV4nMKcwl6FXP2RjZ-EKzA620otHCtkh\/view?usp=drive_link\" target=\"_blank\" rel=\"noopener\"><img loading=\"lazy\" class=\"alignnone wp-image-1101 aligncenter\" src=\"https:\/\/www.utahspanishdli.org\/5day\/wp-content\/uploads\/sites\/7\/2023\/08\/Screen-Shot-2023-08-03-at-4.59.24-PM-300x228.png\" alt=\"\" width=\"137\" height=\"104\" srcset=\"https:\/\/www.utahspanishdli.org\/5day\/wp-content\/uploads\/sites\/7\/2023\/08\/Screen-Shot-2023-08-03-at-4.59.24-PM-300x228.png 300w, https:\/\/www.utahspanishdli.org\/5day\/wp-content\/uploads\/sites\/7\/2023\/08\/Screen-Shot-2023-08-03-at-4.59.24-PM.png 342w\" sizes=\"(max-width: 137px) 100vw, 137px\" \/><\/a><\/td>\n<td>\n<h3 style=\"text-align: center\"><span style=\"color: #000000\"><strong>Week 4 (Culture)<\/strong><\/span><\/h3>\n<p style=\"text-align: center\"><span style=\"color: #000000\"><a style=\"color: #000000\" href=\"https:\/\/docs.google.com\/document\/d\/1xsqYMuCWZew2MaGh-zRfvAUQlkJXCShB\/edit?usp=sharing&amp;ouid=117988883308353894578&amp;rtpof=true&amp;sd=true\">Culture Plan<\/a><\/span><\/p>\n<h3><a href=\"https:\/\/docs.google.com\/document\/d\/1xsqYMuCWZew2MaGh-zRfvAUQlkJXCShB\/edit?usp=sharing&amp;ouid=117988883308353894578&amp;rtpof=true&amp;sd=true\"><img loading=\"lazy\" class=\"alignnone wp-image-1283 aligncenter\" style=\"font-family: inherit;font-size: 16px\" src=\"https:\/\/www.utahspanishdli.org\/5day\/wp-content\/uploads\/sites\/7\/2024\/08\/Screenshot-2024-08-13-at-3.21.51\u202fPM-150x150.png\" alt=\"\" width=\"106\" height=\"106\"><\/a><\/h3>\n<\/td>\n<td>\n<h3 style=\"text-align: center\"><span style=\"color: #000000\"><strong>Week 5 (Evaluation)<\/strong><\/span><\/h3>\n<p>&nbsp;<\/p>\n<h5 style=\"text-align: center\"><a href=\"https:\/\/docs.google.com\/document\/d\/1nbVyaOJYwkvhodLXbMc41GrAaNe1Dcxa\/edit?usp=sharing&amp;ouid=117988883308353894578&amp;rtpof=true&amp;sd=true\"><img loading=\"lazy\" class=\"alignnone wp-image-1273\" style=\"font-family: inherit\" src=\"https:\/\/www.utahspanishdli.org\/5day\/wp-content\/uploads\/sites\/7\/2024\/08\/grades78box.jpeg\" alt=\"\" width=\"85\" height=\"85\"><\/a><img loading=\"lazy\" class=\"alignnone wp-image-1272\" src=\"https:\/\/www.utahspanishdli.org\/5day\/wp-content\/uploads\/sites\/7\/2024\/08\/grade9box.jpeg\" alt=\"\" width=\"85\" height=\"85\"><br \/>\n&nbsp; &nbsp; &nbsp; &nbsp; &nbsp; &nbsp; &nbsp; &nbsp; &nbsp; &nbsp; &nbsp; &nbsp;<em> &nbsp; &nbsp;Coming Soon<\/em><\/h5>\n<\/td>\n<\/tr>\n<\/tbody>\n<\/table>\n<h1 style=\"text-align: center\">Supporting graphic organizers<\/h1>\n<table style=\"width: 959px;height: 189px\">\n<tbody>\n<tr>\n<td><a href=\"https:\/\/docs.google.com\/document\/d\/1HPD2KhMuF4-Z_kgAUNsxHgff6p5mPEk6\/edit?usp=drive_link&amp;ouid=117988883308353894578&amp;rtpof=true&amp;sd=true\">-Hoja de exploraci\u00f3n del tema<\/a><br \/>\n<a href=\"https:\/\/docs.google.com\/document\/d\/11VHLOIqAWlhIClmXEhE7ftu_ethE2zZVo-HxANtqnGo\/edit?usp=drive_link\">-Hoja de vocabulario<\/a><br \/>\n<a href=\"https:\/\/docs.google.com\/document\/d\/1cYBIiXN2kfcw0Xv6gkOBimyI-TAg-9Tx\/edit?usp=drive_link&amp;ouid=117988883308353894578&amp;rtpof=true&amp;sd=true\">-Hoja de hacer preguntas<\/a><br \/>\n<a href=\"https:\/\/docs.google.com\/document\/d\/1a1Qfy1WYJlrYJRmKz6J2NNSrG8kE8R_7\/edit?usp=drive_link&amp;ouid=117988883308353894578&amp;rtpof=true&amp;sd=true\">-Hoja del recurso principal<\/a><\/td>\n<td><span style=\"font-weight: 400\"><a href=\"https:\/\/drive.google.com\/file\/d\/1fm5eJ4u0YQE6_Q14vDaD89PS-wssCEOR\/view?usp=drive_link\">&#8211; Organizador gr\u00e1fico de g\u00e9nero narrativo.<\/a><br \/>\n<\/span><span style=\"font-weight: 400\"><a href=\"https:\/\/drive.google.com\/file\/d\/1rACTfrploeFM2ZJsW8TK8h9HDcyHqA2G\/view?usp=drive_link\">-Organizador gr\u00e1fico de g\u00e9nero argumentativo.<\/a><br \/>\n<\/span><a href=\"https:\/\/drive.google.com\/file\/d\/1qNuA82Pgcegu8G9MqYU-I2aKw5xrRG8c\/view?usp=drive_link\"><span style=\"font-weight: 400\">&#8211; Organizador gr\u00e1fico de g\u00e9nero informativo.<\/span><\/a><br \/>\n<a href=\"https:\/\/www.utahspanishdli.org\/5day\/wp-content\/uploads\/sites\/7\/2025\/10\/DLI3-U1-S1-Ru\u0301brica-para-la-actividad-de-Can-do.docx.pdf\">&#8211; R\u00fabrica para la actividad de can-do<\/a><\/td>\n<td><a href=\"https:\/\/docs.google.com\/document\/d\/10r2ojSo_uWBdEVr9oHoEyfhh1n1zQYpXXFxdSAOVIqA\/edit?usp=drive_link\">-Conversaciones acad\u00e9micas<\/a><br \/>\n<a href=\"https:\/\/docs.google.com\/document\/d\/1Hi384-KHn2Cx8y_odrRlOkEo3vEAhIFx\/edit?usp=sharing&amp;ouid=117988883308353894578&amp;rtpof=true&amp;sd=true\">-Hoja de repaso de la semana<\/a><br \/>\n<a href=\"https:\/\/www.utahspanishdli.org\/5day\/wp-content\/uploads\/sites\/7\/2025\/10\/Hoja-para-la-revisio\u0301n-de-la-unidad-2-1.pdf\">&#8211; Hoja para la revisi\u00f3n de la unidad<\/a><\/td>\n<\/tr>\n<\/tbody>\n<\/table>\n<h1 style=\"text-align: center\">Counterbalance Guidelines and Samples<\/h1>\n<p>&nbsp;<\/p>\n<p><a href=\"https:\/\/docs.google.com\/presentation\/d\/18JYxW8LseA3nNCNpuQLUxMw7Si9Me43LBenLu0MsZ48\/edit?usp=sharing\">DLI 3 &#8211; U1 &#8211; Google Slides Presentation<\/a><\/p>\n<p><a href=\"http:\/https:\/\/docs.google.com\/presentation\/d\/18JYxW8LseA3nNCNpuQLUxMw7Si9Me43LBenLu0MsZ48\/edit?usp=sharing\"><img loading=\"lazy\" class=\"aligncenter wp-image-1457 size-thumbnail\" src=\"https:\/\/www.utahspanishdli.org\/5day\/wp-content\/uploads\/sites\/7\/2026\/04\/Screenshot-2026-04-06-at-1.41.31\u202fPM-150x150.png\" alt=\"\" width=\"150\" height=\"150\"><\/a><\/p>\n<p>&nbsp;<\/p>\n<p><img loading=\"lazy\" class=\" wp-image-1310 aligncenter\" src=\"https:\/\/www.utahspanishdli.org\/5day\/wp-content\/uploads\/sites\/7\/2024\/08\/Screenshot-2024-08-16-at-10.18.00\u202fAM.png\" alt=\"\" width=\"517\" height=\"38\" srcset=\"https:\/\/www.utahspanishdli.org\/5day\/wp-content\/uploads\/sites\/7\/2024\/08\/Screenshot-2024-08-16-at-10.18.00\u202fAM.png 1372w, https:\/\/www.utahspanishdli.org\/5day\/wp-content\/uploads\/sites\/7\/2024\/08\/Screenshot-2024-08-16-at-10.18.00\u202fAM-300x22.png 300w, https:\/\/www.utahspanishdli.org\/5day\/wp-content\/uploads\/sites\/7\/2024\/08\/Screenshot-2024-08-16-at-10.18.00\u202fAM-1024x75.png 1024w, https:\/\/www.utahspanishdli.org\/5day\/wp-content\/uploads\/sites\/7\/2024\/08\/Screenshot-2024-08-16-at-10.18.00\u202fAM-768x56.png 768w\" sizes=\"(max-width: 517px) 100vw, 517px\" \/><\/p>\n<p>&nbsp;<\/p>\n<table style=\"width: 1010px;height: 224px\" border=\"1\">\n<tbody>\n<tr>\n<td style=\"text-align: center\"><span style=\"color: #000000\"><a style=\"color: #000000\" href=\"https:\/\/drive.google.com\/open?id=1JDPkrAIgXdfoS3Z36jqxgQiYm5A_fiX7\">Structure of the DLI Course<\/a><\/span><br \/>\n<a href=\"https:\/\/drive.google.com\/open?id=1JDPkrAIgXdfoS3Z36jqxgQiYm5A_fiX7\"><img loading=\"lazy\" class=\"wp-image-1250 size-thumbnail aligncenter\" src=\"https:\/\/www.utahspanishdli.org\/secondaryteachers\/wp-content\/uploads\/sites\/4\/2018\/08\/estructura-150x150.jpg\" alt=\"\" width=\"150\" height=\"150\"><\/a><\/td>\n<td style=\"text-align: center\"><span style=\"color: #000000\"><a style=\"color: #000000\" href=\"https:\/\/drive.google.com\/open?id=17GRvr9z0AkfgzC2nCe3ZjZwsUV6TNqUd\">AP Themes and Contexts<\/a><\/span><br \/>\n<a href=\"https:\/\/drive.google.com\/open?id=17GRvr9z0AkfgzC2nCe3ZjZwsUV6TNqUd\"><img loading=\"lazy\" class=\"aligncenter wp-image-1257 size-thumbnail\" src=\"https:\/\/www.utahspanishdli.org\/secondaryteachers\/wp-content\/uploads\/sites\/4\/2018\/08\/Contextos-150x150.jpg\" alt=\"\" width=\"150\" height=\"150\"><\/a><\/td>\n<td style=\"text-align: center\">Proficiency Report<br \/>\n<img loading=\"lazy\" class=\"aligncenter wp-image-144\" src=\"https:\/\/www.utahspanishdli.org\/5day\/wp-content\/uploads\/sites\/7\/2019\/02\/Screenshot-2019-02-19-14.15.57-150x150.png\" alt=\"\" width=\"152\" height=\"152\"><span style=\"color: #000000\">Grade<a style=\"color: #000000\" href=\"https:\/\/drive.google.com\/file\/d\/1SIrWc2TysDV44tw96ZGtK_uAgXPA4l1R\/view?usp=sharing\"> 6<\/a> &#8211; <a style=\"color: #000000\" href=\"https:\/\/docs.google.com\/document\/d\/15YxQnyBK1qTSZZdKTn0TrDrxtaVL2Yd-\/edit?usp=sharing&amp;ouid=117988883308353894578&amp;rtpof=true&amp;sd=true\">7<\/a> &#8211; <a style=\"color: #000000\" href=\"https:\/\/drive.google.com\/file\/d\/1u3oPS8G4-XdvKXUB_MOjTciEQ2JsuDPh\/view?usp=sharing\">8<\/a> &#8211; <a href=\"https:\/\/www.utahspanishdli.org\/5day\/wp-content\/uploads\/sites\/7\/2025\/01\/SPR-8th-Grade-1.docx\" target=\"_blank\" rel=\"noopener\">9<\/a><\/span><\/td>\n<td style=\"text-align: center\"><span style=\"color: #000000\">&nbsp;<a style=\"color: #000000\" href=\"https:\/\/drive.google.com\/drive\/folders\/1b1kVkQ8vc43l1kfVKWirRrRRap4ria0o?usp=sharing\" target=\"_blank\" rel=\"noopener\">Classroom Posters<\/a><\/span><br \/>\n<a href=\"https:\/\/drive.google.com\/drive\/folders\/1b1kVkQ8vc43l1kfVKWirRrRRap4ria0o?usp=share_link\" target=\"_blank\" rel=\"https:\/\/drive.google.com\/drive\/folders\/1b1kVkQ8vc43l1kfVKWirRrRRap4ria0o?usp=share_link noopener\"><img loading=\"lazy\" class=\"alignnone wp-image-1230 \" src=\"https:\/\/www.utahspanishdli.org\/5day\/wp-content\/uploads\/sites\/7\/2023\/10\/Screenshot-2023-10-23-at-2.35.01-PM-150x150.png\" alt=\"\" width=\"151\" height=\"151\"><\/a><\/td>\n<\/tr>\n<\/tbody>\n<\/table>\n<p>&nbsp;<\/p>\n<h1>&nbsp;<\/h1>\n<p><a href=\"https:\/\/www.utahspanishdli.org\/secondaryteachers\/\">&lt;Back to main page<\/a><\/p>\n","protected":false},"excerpt":{"rendered":"<p>&nbsp;&nbsp; &nbsp; &nbsp; &nbsp; &nbsp; &nbsp; &nbsp; &nbsp; &nbsp; Familias y comunidades Las comunidades educativas Ciencia y tecnolog\u00eda La tecnolog\u00eda, el individuo y la sociedad Belleza y est\u00e9tica La definici\u00f3n de la belleza &nbsp; &nbsp; &nbsp; &nbsp; &nbsp; &nbsp; La &hellip; <a href=\"https:\/\/www.utahspanishdli.org\/5day\/3dli\/\">Continue reading <span class=\"meta-nav\">&rarr;<\/span><\/a><\/p>\n","protected":false},"author":4,"featured_media":0,"parent":0,"menu_order":0,"comment_status":"closed","ping_status":"closed","template":"onecolumn-page.php","meta":{"ngg_post_thumbnail":0},"_links":{"self":[{"href":"https:\/\/www.utahspanishdli.org\/5day\/wp-json\/wp\/v2\/pages\/138"}],"collection":[{"href":"https:\/\/www.utahspanishdli.org\/5day\/wp-json\/wp\/v2\/pages"}],"about":[{"href":"https:\/\/www.utahspanishdli.org\/5day\/wp-json\/wp\/v2\/types\/page"}],"author":[{"embeddable":true,"href":"https:\/\/www.utahspanishdli.org\/5day\/wp-json\/wp\/v2\/users\/4"}],"replies":[{"embeddable":true,"href":"https:\/\/www.utahspanishdli.org\/5day\/wp-json\/wp\/v2\/comments?post=138"}],"version-history":[{"count":110,"href":"https:\/\/www.utahspanishdli.org\/5day\/wp-json\/wp\/v2\/pages\/138\/revisions"}],"predecessor-version":[{"id":1460,"href":"https:\/\/www.utahspanishdli.org\/5day\/wp-json\/wp\/v2\/pages\/138\/revisions\/1460"}],"wp:attachment":[{"href":"https:\/\/www.utahspanishdli.org\/5day\/wp-json\/wp\/v2\/media?parent=138"}],"curies":[{"name":"wp","href":"https:\/\/api.w.org\/{rel}","templated":true}]}}