{"id":2408,"date":"2020-09-04T17:48:50","date_gmt":"2020-09-04T17:48:50","guid":{"rendered":"https:\/\/www.utahspanishdli.org\/secondaryteachers\/?page_id=2408"},"modified":"2021-10-04T16:58:54","modified_gmt":"2021-10-04T16:58:54","slug":"webinars","status":"publish","type":"page","link":"https:\/\/www.utahspanishdli.org\/secondaryteachers\/webinars\/","title":{"rendered":"Webinars"},"content":{"rendered":"<div class=\"responsive-tabs\">\n<h2 class=\"tabtitle\">2021-22<\/h2>\n<div class=\"tabcontent\">\n\n<h1 style=\"text-align: center\">2021-22 Webinars<\/h1>\n<table border=\"0\" width=\"100%\" cellspacing=\"2\" cellpadding=\"10px\">\n<tbody>\n<tr>\n<td width=\"277\"><a href=\"https:\/\/youtu.be\/2PslD-nx6WM\"><img loading=\"lazy\" class=\"aligncenter size-thumbnail wp-image-2541\" src=\"https:\/\/www.utahspanishdli.org\/secondaryteachers\/wp-content\/uploads\/sites\/4\/2021\/10\/Screen-Shot-2021-10-04-at-9.55.46-AM-150x150.png\" alt=\"\" width=\"150\" height=\"150\"><\/a><\/td>\n<td width=\"277\">\n<div align=\"center\">&nbsp;<\/div>\n<\/td>\n<td width=\"277\">\n<div align=\"center\">&nbsp;<\/div>\n<\/td>\n<\/tr>\n<tr>\n<td style=\"text-align: center\" width=\"277\"><strong>AAPPL<\/strong><\/td>\n<td width=\"277\">\n<div align=\"center\">&nbsp;<\/div>\n<\/td>\n<td width=\"277\">\n<div align=\"center\">&nbsp;<\/div>\n<\/td>\n<\/tr>\n<\/tbody>\n<\/table>\n\n<\/div><h2 class=\"tabtitle\">2020-21<\/h2>\n<div class=\"tabcontent\">\n\n<h1 style=\"text-align: center\">2020-21 Webinars<\/h1>\n<p>&nbsp;<\/p>\n<p>&nbsp;<\/p>\n<table border=\"0\" width=\"100%\" cellspacing=\"2\" cellpadding=\"10px\">\n<tbody>\n<tr>\n<td width=\"277\"><img loading=\"lazy\" class=\"aligncenter size-thumbnail wp-image-2424\" src=\"https:\/\/www.utahspanishdli.org\/secondaryteachers\/wp-content\/uploads\/sites\/4\/2020\/10\/Screen-Shot-2020-10-26-at-10.11.24-AM-150x150.png\" alt=\"\" width=\"150\" height=\"150\"><\/td>\n<td width=\"277\">\n<div align=\"center\"><img loading=\"lazy\" class=\"aligncenter wp-image-2425 size-thumbnail\" src=\"https:\/\/www.utahspanishdli.org\/secondaryteachers\/wp-content\/uploads\/sites\/4\/2020\/10\/Screen-Shot-2020-10-26-at-10.17.44-AM-150x150.png\" alt=\"\" width=\"150\" height=\"150\"><\/div>\n<\/td>\n<td width=\"277\">\n<div align=\"center\"><img loading=\"lazy\" class=\"aligncenter wp-image-2426 size-thumbnail\" src=\"https:\/\/www.utahspanishdli.org\/secondaryteachers\/wp-content\/uploads\/sites\/4\/2020\/10\/Screen-Shot-2020-10-26-at-10.24.20-AM-150x150.png\" alt=\"\" width=\"150\" height=\"150\"><\/div>\n<\/td>\n<\/tr>\n<tr>\n<td width=\"277\">\n<div align=\"center\"><strong>Introducci\u00f3n al 2020<\/strong><\/div>\n<\/td>\n<td width=\"277\">\n<div align=\"center\"><strong>Online Protocols<\/strong><\/div>\n<\/td>\n<td width=\"277\">\n<div align=\"center\"><strong>AAPPL<\/strong><\/div>\n<\/td>\n<\/tr>\n<tr>\n<td style=\"text-align: center\" width=\"277\"><a href=\"https:\/\/drive.google.com\/file\/d\/1Z77TKurt4Y8PVxxBpS5SfN0XElvKv9Ud\/view?usp=sharing\">Presentaci\u00f3n<\/a><br \/>\n<a href=\"https:\/\/utah.zoom.us\/rec\/play\/Sab54CiYrr49pk36VXIzVHaguvW7wcVGKYGgL4is8Vb_ogJYpTGnfJstO2sp0tIc8Vetfgjg5muwCTSw.vNZp767um6jTE37R?continueMode=true&amp;_x_zm_rtaid=cs3IOvLGQginwWvpG7dc6A.1599237986825.97585c12a3ea37e97f118bceca19ade9&amp;_x_zm_rhtaid=687\">Video<\/a>: pw: 6$GX!&amp;w2<\/td>\n<td style=\"text-align: center\" width=\"277\"><a href=\"https:\/\/drive.google.com\/file\/d\/1ZEYYN6BZtGfQlssAarZoqFvnkU1c30H7\/view?usp=sharing\">Presentaci\u00f3n<\/a><br \/>\n<a href=\"https:\/\/youtu.be\/O6V2W2aIx2M\">Video<\/a><br \/>\n<a href=\"https:\/\/www.utahspanishdli.org\/secondaryteachers\/distance-learning\/\">Documentos<\/a><\/td>\n<td style=\"text-align: center\" width=\"277\"><a href=\"https:\/\/drive.google.com\/file\/d\/1Y8d5NUyUt2FRAzqpE3KgXbrvIKSOWBeU\/view?usp=sharing\">Presentaci\u00f3n<\/a><br \/>\n<a href=\"https:\/\/youtu.be\/yvk3TvbSDpU?t=640\">Video<\/a><\/td>\n<\/tr>\n<tr>\n<td width=\"277\">\n<div align=\"center\"><img loading=\"lazy\" class=\"aligncenter wp-image-2427 size-thumbnail\" src=\"https:\/\/www.utahspanishdli.org\/secondaryteachers\/wp-content\/uploads\/sites\/4\/2020\/10\/Screen-Shot-2020-10-26-at-10.25.31-AM-150x150.png\" alt=\"\" width=\"150\" height=\"150\"><\/div>\n<\/td>\n<td style=\"text-align: center\" width=\"277\">\n<div align=\"center\"><img loading=\"lazy\" class=\"aligncenter wp-image-2423 size-thumbnail\" src=\"https:\/\/www.utahspanishdli.org\/secondaryteachers\/wp-content\/uploads\/sites\/4\/2020\/10\/Screen-Shot-2020-10-26-at-10.05.14-AM-150x150.png\" alt=\"\" width=\"150\" height=\"150\"><\/div>\n<\/td>\n<td width=\"277\">\n<div style=\"text-align: center\" align=\"center\"><img loading=\"lazy\" class=\"aligncenter size-thumbnail wp-image-2436\" src=\"https:\/\/www.utahspanishdli.org\/secondaryteachers\/wp-content\/uploads\/sites\/4\/2020\/11\/Screen-Shot-2020-11-23-at-9.25.32-AM-150x150.png\" alt=\"\" width=\"150\" height=\"150\"><\/div>\n<\/td>\n<\/tr>\n<tr>\n<td width=\"277\">\n<div style=\"text-align: center\" align=\"center\"><strong>AP<\/strong><\/div>\n<\/td>\n<td width=\"277\">\n<div style=\"text-align: center\" align=\"center\"><strong>Evaluaci\u00f3n y la quinta semana<\/strong><\/div>\n<\/td>\n<td width=\"277\">\n<div style=\"text-align: center\" align=\"center\"><strong>Distance Learning 2.0<\/strong><\/div>\n<\/td>\n<\/tr>\n<tr>\n<td style=\"text-align: center\" width=\"277\"><a href=\"https:\/\/drive.google.com\/file\/d\/1YC5pwf_xh0qOJI17MFr-e686vms8d89T\/view?usp=sharing\">Presentaci\u00f3n<\/a><br \/>\n<a href=\"https:\/\/youtu.be\/yvk3TvbSDpU?t=3566\">Video<\/a><\/td>\n<td style=\"text-align: center\" width=\"277\"><a href=\"https:\/\/drive.google.com\/file\/d\/1Z09jI8OavABcZZvmZJlW3z3w0kIDBzTQ\/view?usp=sharing\">Presentaci\u00f3n<\/a><br \/>\n<a href=\"https:\/\/youtu.be\/32QElQuh7CQ\">Video<\/a><br \/>\n<a href=\"https:\/\/www.utahspanishdli.org\/5day\/wp-content\/uploads\/sites\/7\/2020\/02\/5th-Week-Plan.pdf\">Documento<\/a><\/td>\n<td style=\"text-align: center\" width=\"277\"><a href=\"https:\/\/drive.google.com\/file\/d\/1_5w34z_Yy86_YZgXZxfq3LXXAFasR6L6\/view?usp=sharing\">Presentaci\u00f3n<\/a><br \/>\n<a href=\"https:\/\/youtu.be\/LAUWNSHNW3E\">Video<\/a><br \/>\n<a href=\"https:\/\/www.amazon.com\/Distance-Learning-Playbook-Grades-K-12-ebook\/dp\/B08FSR7RWR\/ref=tmm_kin_swatch_0?_encoding=UTF8&amp;qid=1606148836&amp;sr=8-2\">Libro<\/a><\/td>\n<\/tr>\n<tr>\n<td width=\"277\">\n<div align=\"center\"><img loading=\"lazy\" class=\"aligncenter wp-image-2440 size-thumbnail\" src=\"https:\/\/www.utahspanishdli.org\/secondaryteachers\/wp-content\/uploads\/sites\/4\/2020\/12\/Screen-Shot-2020-12-15-at-11.29.53-AM-150x150.png\" alt=\"\" width=\"150\" height=\"150\"><\/div>\n<\/td>\n<td style=\"text-align: center\" width=\"277\">\n<div align=\"center\"><img loading=\"lazy\" class=\"aligncenter wp-image-2439 size-thumbnail\" src=\"https:\/\/www.utahspanishdli.org\/secondaryteachers\/wp-content\/uploads\/sites\/4\/2020\/12\/Screen-Shot-2020-12-15-at-11.29.00-AM-150x150.png\" alt=\"\" width=\"150\" height=\"150\"><\/div>\n<\/td>\n<td width=\"277\">\n<div style=\"text-align: center\" align=\"center\"><img loading=\"lazy\" class=\"aligncenter wp-image-2478 size-thumbnail\" src=\"https:\/\/www.utahspanishdli.org\/secondaryteachers\/wp-content\/uploads\/sites\/4\/2021\/04\/Screen-Shot-2021-04-21-at-9.31.37-AM-150x150.png\" alt=\"\" width=\"150\" height=\"150\"><\/div>\n<\/td>\n<\/tr>\n<tr>\n<td width=\"277\">\n<div style=\"text-align: center\" align=\"center\"><strong>Proyectos en DLI<\/strong><\/div>\n<\/td>\n<td width=\"277\">\n<div style=\"text-align: center\" align=\"center\"><strong>IPA y el Pasaporte<\/strong><\/div>\n<\/td>\n<td width=\"277\">\n<div style=\"text-align: center\" align=\"center\"><strong>AP Test Prep in DLI<\/strong><\/div>\n<\/td>\n<\/tr>\n<tr>\n<td style=\"text-align: center\" width=\"277\"><a href=\"https:\/\/drive.google.com\/file\/d\/1_Xir_JLIgOKzptrlNF44xVFpK9-v9cYS\/view?usp=sharing\">Presentaci\u00f3n<\/a><br \/>\n<a href=\"https:\/\/youtu.be\/JtLd5ytovTE?t=106\">Video<\/a><\/td>\n<td style=\"text-align: center\" width=\"277\"><a href=\"https:\/\/drive.google.com\/file\/d\/1_MMOzm9REeJE1xCX43GvwAcycXA1LlQJ\/view?usp=sharing\">Presentaci\u00f3n<\/a><br \/>\n<a href=\"https:\/\/youtu.be\/JtLd5ytovTE?t=993\">Video<\/a><br \/>\n<a href=\"https:\/\/drive.google.com\/file\/d\/1_DTke_A3F7mHTkiO-vayCm-8juVpiYPw\/view?usp=sharing\">Documento<\/a><\/td>\n<td style=\"text-align: center\" width=\"277\"><a href=\"https:\/\/drive.google.com\/file\/d\/1FcYoEMHvvxNXttnJmdPCgUMEXXbVKpAs\/view?usp=sharing\">Presentaci\u00f3n<\/a><br \/>\n<a href=\"https:\/\/www.youtube.com\/watch?v=k3KwLXGO0JY&amp;ab_channel=UtahSpanishSecondaryDLI\">Video<\/a><br \/>\n<a href=\"https:\/\/utah.zoom.us\/rec\/play\/tesGGsxXKs0vAjh2lJHVo-_4DWbPZf8uju-Twk61aqXuu3NIo-bMPB25ILl0vKV6dsPQ3Z1zB8eyXOSj.6rdW1EnPvqrUk9C5?continueMode=true\">Q&amp;A with Dr. Rubio<\/a><\/td>\n<\/tr>\n<\/tbody>\n<\/table>\n<\/div><\/div>\n","protected":false},"excerpt":{"rendered":"<p>2021-22 Webinars &nbsp; &nbsp; AAPPL &nbsp; &nbsp; 2020-21 Webinars &nbsp; &nbsp; Introducci\u00f3n al 2020 Online Protocols AAPPL Presentaci\u00f3n Video: pw: 6$GX!&amp;w2 Presentaci\u00f3n Video Documentos Presentaci\u00f3n Video AP Evaluaci\u00f3n y la quinta semana Distance Learning 2.0 Presentaci\u00f3n Video Presentaci\u00f3n Video Documento &hellip; <a href=\"https:\/\/www.utahspanishdli.org\/secondaryteachers\/webinars\/\">Continue reading <span class=\"meta-nav\">&rarr;<\/span><\/a><\/p>\n","protected":false},"author":4,"featured_media":0,"parent":0,"menu_order":0,"comment_status":"closed","ping_status":"closed","template":"","meta":{"ngg_post_thumbnail":0},"_links":{"self":[{"href":"https:\/\/www.utahspanishdli.org\/secondaryteachers\/wp-json\/wp\/v2\/pages\/2408"}],"collection":[{"href":"https:\/\/www.utahspanishdli.org\/secondaryteachers\/wp-json\/wp\/v2\/pages"}],"about":[{"href":"https:\/\/www.utahspanishdli.org\/secondaryteachers\/wp-json\/wp\/v2\/types\/page"}],"author":[{"embeddable":true,"href":"https:\/\/www.utahspanishdli.org\/secondaryteachers\/wp-json\/wp\/v2\/users\/4"}],"replies":[{"embeddable":true,"href":"https:\/\/www.utahspanishdli.org\/secondaryteachers\/wp-json\/wp\/v2\/comments?post=2408"}],"version-history":[{"count":17,"href":"https:\/\/www.utahspanishdli.org\/secondaryteachers\/wp-json\/wp\/v2\/pages\/2408\/revisions"}],"predecessor-version":[{"id":2545,"href":"https:\/\/www.utahspanishdli.org\/secondaryteachers\/wp-json\/wp\/v2\/pages\/2408\/revisions\/2545"}],"wp:attachment":[{"href":"https:\/\/www.utahspanishdli.org\/secondaryteachers\/wp-json\/wp\/v2\/media?parent=2408"}],"curies":[{"name":"wp","href":"https:\/\/api.w.org\/{rel}","templated":true}]}}