{"id":749,"date":"2017-08-29T17:01:38","date_gmt":"2017-08-29T17:01:38","guid":{"rendered":"https:\/\/www.utahspanishdli.org\/secondaryteachers\/?page_id=749"},"modified":"2020-02-04T18:14:51","modified_gmt":"2020-02-04T18:14:51","slug":"audii2017","status":"publish","type":"page","link":"https:\/\/www.utahspanishdli.org\/secondaryteachers\/audii2017\/","title":{"rendered":"AUDII 2017"},"content":{"rendered":"<h1>AUDII 2017<\/h1>\n<ol>\n<li>\n<h4>Introducci\u00f3n al modelo DLI de UTAH<\/h4>\n<\/li>\n<li>\n<h4><a href=\"https:\/\/drive.google.com\/a\/utahdli.net\/file\/d\/188-SbUlnJdPwtsYutqp079sMuqTfuigT\/view?usp=sharing\"><strong><span style=\"color: #993300\">Introducci\u00f3n al curr\u00edculo de Doble Inmersi\u00f3n en Secundaria<\/span><\/strong><\/a><\/h4>\n<\/li>\n<li>\n<h4><strong><a href=\"https:\/\/drive.google.com\/a\/utahdli.net\/file\/d\/186x9CCX5tMLYh91xD-GkHg7NFx3xbOvq\/view?usp=sharing\">Introducci\u00f3n a Cultura, historia, y multimedia<\/a><\/strong><\/h4>\n<\/li>\n<li>\n<h4><a href=\"https:\/\/drive.google.com\/a\/utahdli.net\/file\/d\/189DNR7xcDBrBKUljpbiP5GrNZc1uChJZ\/view?usp=sharing\"><strong>Garantias de Fidelidad en Secundaria<\/strong><\/a><\/h4>\n<\/li>\n<li>\n<h4><a href=\"https:\/\/drive.google.com\/a\/utahdli.net\/file\/d\/18C6r3At4wMnh1tctScgJN9h8YReLOpIt\/view?usp=sharing\"><strong>Introducci\u00f3n a AP<\/strong><\/a><\/h4>\n<\/li>\n<li>\n<h4><a href=\"https:\/\/drive.google.com\/a\/utahdli.net\/file\/d\/187EsU8IbWixj6_Yd2pVIV1S6QW0_yHF0\/view?usp=sharing\"><strong>Introducci\u00f3n a DLI Honors<\/strong><\/a><\/h4>\n<\/li>\n<li>\n<h4><a href=\"https:\/\/drive.google.com\/a\/utahdli.net\/file\/d\/187slvksQHmCU5AApqlfxgJKgFMsd7a6h\/view?usp=sharing\"><strong>Estrategias Fundamentales de Doble Inmersi\u00f3n<\/strong><\/a><\/h4>\n<\/li>\n<li>\n<h4><a href=\"https:\/\/drive.google.com\/a\/utahdli.net\/file\/d\/182ru58CL9OMH80pUJ_0t84jyip5Hay_G\/view?usp=sharing\"><strong>Manejo de Clase<\/strong><\/a><\/h4>\n<\/li>\n<\/ol>\n","protected":false},"excerpt":{"rendered":"<p>AUDII 2017 Introducci\u00f3n al modelo DLI de UTAH Introducci\u00f3n al curr\u00edculo de Doble Inmersi\u00f3n en Secundaria Introducci\u00f3n a Cultura, historia, y multimedia Garantias de Fidelidad en Secundaria Introducci\u00f3n a AP Introducci\u00f3n a DLI Honors Estrategias Fundamentales de Doble Inmersi\u00f3n Manejo &hellip; <a href=\"https:\/\/www.utahspanishdli.org\/secondaryteachers\/audii2017\/\">Continue reading <span class=\"meta-nav\">&rarr;<\/span><\/a><\/p>\n","protected":false},"author":2,"featured_media":0,"parent":0,"menu_order":0,"comment_status":"closed","ping_status":"closed","template":"","meta":{"ngg_post_thumbnail":0},"_links":{"self":[{"href":"https:\/\/www.utahspanishdli.org\/secondaryteachers\/wp-json\/wp\/v2\/pages\/749"}],"collection":[{"href":"https:\/\/www.utahspanishdli.org\/secondaryteachers\/wp-json\/wp\/v2\/pages"}],"about":[{"href":"https:\/\/www.utahspanishdli.org\/secondaryteachers\/wp-json\/wp\/v2\/types\/page"}],"author":[{"embeddable":true,"href":"https:\/\/www.utahspanishdli.org\/secondaryteachers\/wp-json\/wp\/v2\/users\/2"}],"replies":[{"embeddable":true,"href":"https:\/\/www.utahspanishdli.org\/secondaryteachers\/wp-json\/wp\/v2\/comments?post=749"}],"version-history":[{"count":19,"href":"https:\/\/www.utahspanishdli.org\/secondaryteachers\/wp-json\/wp\/v2\/pages\/749\/revisions"}],"predecessor-version":[{"id":2319,"href":"https:\/\/www.utahspanishdli.org\/secondaryteachers\/wp-json\/wp\/v2\/pages\/749\/revisions\/2319"}],"wp:attachment":[{"href":"https:\/\/www.utahspanishdli.org\/secondaryteachers\/wp-json\/wp\/v2\/media?parent=749"}],"curies":[{"name":"wp","href":"https:\/\/api.w.org\/{rel}","templated":true}]}}